{"id":207591,"date":"2026-03-25T10:36:34","date_gmt":"2026-03-25T10:36:34","guid":{"rendered":"https:\/\/testsajt14.hemsidemallar.eu\/?page_id=207591"},"modified":"2026-03-25T10:45:10","modified_gmt":"2026-03-25T10:45:10","slug":"kontakt-2","status":"publish","type":"page","link":"https:\/\/testsajt14.hemsidemallar.eu\/en\/kontakt-2\/","title":{"rendered":"Contact"},"content":{"rendered":"<p>[et_pb_section fb_built=&#8221;1&#8243; custom_padding_last_edited=&#8221;on|phone&#8221; _builder_version=&#8221;4.27.4&#8243; _module_preset=&#8221;default&#8221; custom_padding=&#8221;126px||107px|||&#8221; custom_padding_tablet=&#8221;126px||107px|||&#8221; custom_padding_phone=&#8221;50px||50px||false|false&#8221; global_module=&#8221;207587&#8243; saved_tabs=&#8221;all&#8221; global_colors_info=&#8221;{}&#8221;][et_pb_row column_structure=&#8221;3_5,2_5&#8243; _builder_version=&#8221;4.27.4&#8243; _module_preset=&#8221;default&#8221; max_width=&#8221;1280px&#8221; global_colors_info=&#8221;{}&#8221;][et_pb_column type=&#8221;3_5&#8243; _builder_version=&#8221;4.27.4&#8243; _module_preset=&#8221;default&#8221; background_image=&#8221;https:\/\/testsajt14.hemsidemallar.eu\/wp-content\/uploads\/2026\/02\/header_fotvard5.jpg&#8221; border_radii=&#8221;on|30px|30px|30px|30px&#8221; global_colors_info=&#8221;{}&#8221;][dsm_embed_google_map address=&#8221;Per Lagerkvists V\u00e4g 6 352 43 V\u00e4xj\u00f6&#8221; zoom=&#8221;15&#8243; _builder_version=&#8221;4.27.4&#8243; _module_preset=&#8221;default&#8221; height=&#8221;500px&#8221; global_colors_info=&#8221;{}&#8221;][\/dsm_embed_google_map][\/et_pb_column][et_pb_column type=&#8221;2_5&#8243; _builder_version=&#8221;4.27.4&#8243; _module_preset=&#8221;default&#8221; global_colors_info=&#8221;{}&#8221;][et_pb_text _builder_version=&#8221;4.27.4&#8243; _module_preset=&#8221;default&#8221; text_font=&#8221;&#8211;et_global_body_font||||||||&#8221; text_font_size=&#8221;16px&#8221; header_2_font=&#8221;Work Sans|800|||||||&#8221; header_2_text_color=&#8221;#3d508a&#8221; header_2_font_size=&#8221;60px&#8221; header_3_font=&#8221;Work Sans|700|||||||&#8221; header_3_text_color=&#8221;#7aa0d4&#8243; header_3_font_size=&#8221;30px&#8221; header_3_line_height=&#8221;1.4em&#8221; header_4_font=&#8221;Work Sans||||||||&#8221; header_4_text_color=&#8221;#7aa0d4&#8243; header_4_font_size=&#8221;21px&#8221; header_4_line_height=&#8221;1.4em&#8221; header_2_font_size_tablet=&#8221;60px&#8221; header_2_font_size_phone=&#8221;10vw&#8221; header_2_font_size_last_edited=&#8221;on|phone&#8221; global_colors_info=&#8221;{}&#8221;]<\/p>\n<h4><span>V\u00c4XJ\u00d6 MEDICINSKA FOTV\u00c5RD<\/span><\/h4>\n<h2><span>H\u00e4r finns vi<\/span><\/h2>\n<p class=\"text-body-1\">Klinik adress:<br \/>Per Lagerkvists V\u00e4g 6<br \/>352 43 V\u00e4xj\u00f6<br \/>Mobiltelefon: 076-876 43 84<br \/>E-mail:<span>\u00a0<\/span><a href=\"mailto:info@vaxjomedicinskafotvard.se\">info@vaxjomedicinskafotvard.se<\/a><\/p>\n<h3 class=\"text-h3 font-weight-light mb-8\">\u00d6ppettider<\/h3>\n<p class=\"text-body-1\">M\u00e5n 9:00 &#8211; 16:00<br \/>Tis 13:00 &#8211; 18:00<br \/>Ons 9:00 &#8211; 16:00<br \/>Tors 13:00 &#8211; 18:00<br \/>Fre 9:00 &#8211; 13:00<\/p>\n<p>Avvikelser kan f\u00f6rekomma.<\/p>\n<p>[\/et_pb_text][et_pb_button button_text=&#8221;Boka tid&#8221; button_alignment=&#8221;left&#8221; _builder_version=&#8221;4.27.4&#8243; _module_preset=&#8221;default&#8221; custom_button=&#8221;on&#8221; button_text_size=&#8221;19px&#8221; button_text_color=&#8221;#FFFFFF&#8221; button_bg_color=&#8221;#ffab6d&#8221; button_border_color=&#8221;RGBA(255,255,255,0)&#8221; button_border_radius=&#8221;12px&#8221; button_font=&#8221;Work Sans||||||||&#8221; global_colors_info=&#8221;{}&#8221;][\/et_pb_button][\/et_pb_column][\/et_pb_row][\/et_pb_section][et_pb_section fb_built=&#8221;1&#8243; _builder_version=&#8221;4.27.4&#8243; _module_preset=&#8221;default&#8221; background_image=&#8221;https:\/\/testsajt14.hemsidemallar.eu\/wp-content\/uploads\/2026\/02\/footer_bg.png&#8221; background_size=&#8221;stretch&#8221; global_module=&#8221;207580&#8243; saved_tabs=&#8221;all&#8221; global_colors_info=&#8221;{}&#8221;][\/et_pb_section][et_pb_section fb_built=&#8221;1&#8243; _builder_version=&#8221;4.27.4&#8243; _module_preset=&#8221;default&#8221; background_color=&#8221;#3d508a&#8221; global_module=&#8221;207579&#8243; saved_tabs=&#8221;all&#8221; global_colors_info=&#8221;{}&#8221;][et_pb_row column_structure=&#8221;1_4,1_4,1_4,1_4&#8243; _builder_version=&#8221;4.27.4&#8243; _module_preset=&#8221;default&#8221; max_width=&#8221;1280px&#8221; global_colors_info=&#8221;{}&#8221;][et_pb_column type=&#8221;1_4&#8243; _builder_version=&#8221;4.27.4&#8243; _module_preset=&#8221;default&#8221; global_colors_info=&#8221;{}&#8221;][et_pb_text _builder_version=&#8221;4.27.4&#8243; _module_preset=&#8221;default&#8221; text_font=&#8221;&#8211;et_global_body_font||||||||&#8221; text_text_color=&#8221;#FFFFFF&#8221; text_font_size=&#8221;16px&#8221; header_2_font=&#8221;Work Sans|700|||||||&#8221; header_2_text_color=&#8221;#ffffff&#8221; global_colors_info=&#8221;{}&#8221;]<\/p>\n<h2>Kontaktuppgifter<\/h2>\n<p>Per Lagerkvists V\u00e4g 6<br \/>352 43 V\u00e4xj\u00f6<br \/>Mobiltelefon: 076-876 43 84<br \/><span style=\"color: #ffffff;\"><a href=\"mailto:info@vaxjomedicinskafotvard.se\" style=\"color: #ffffff;\">info@vaxjomedicinskafotvard.se<\/a><\/span><\/p>\n<p>[\/et_pb_text][\/et_pb_column][et_pb_column type=&#8221;1_4&#8243; _builder_version=&#8221;4.27.4&#8243; _module_preset=&#8221;default&#8221; global_colors_info=&#8221;{}&#8221;][et_pb_text _builder_version=&#8221;4.27.4&#8243; _module_preset=&#8221;default&#8221; text_font=&#8221;&#8211;et_global_body_font||||||||&#8221; text_text_color=&#8221;#FFFFFF&#8221; text_font_size=&#8221;16px&#8221; header_2_font=&#8221;Work Sans|700|||||||&#8221; header_2_text_color=&#8221;#ffffff&#8221; global_colors_info=&#8221;{}&#8221;]<\/p>\n<h2>Behandlingar<\/h2>\n<p>&#8211; Medicinsk fotv\u00e5rd<\/p>\n<p class=\"text-h3 font-weight-light\">&#8211; Friskv\u00e5rd \/ fotv\u00e5rd<\/p>\n<p class=\"text-h3 font-weight-light\">&#8211; Delbehandling<\/p>\n<p>&nbsp;<\/p>\n<p>[\/et_pb_text][\/et_pb_column][et_pb_column type=&#8221;1_4&#8243; _builder_version=&#8221;4.27.4&#8243; _module_preset=&#8221;default&#8221; global_colors_info=&#8221;{}&#8221;][et_pb_text _builder_version=&#8221;4.27.4&#8243; _module_preset=&#8221;default&#8221; text_font=&#8221;&#8211;et_global_body_font||||||||&#8221; text_text_color=&#8221;#FFFFFF&#8221; text_font_size=&#8221;16px&#8221; header_2_font=&#8221;Work Sans|700|||||||&#8221; header_2_text_color=&#8221;#ffffff&#8221; global_colors_info=&#8221;{}&#8221;]<\/p>\n<h2><img loading=\"lazy\" decoding=\"async\" src=\"https:\/\/testsajt14.hemsidemallar.eu\/wp-content\/uploads\/2026\/02\/logo_boka.webp\" width=\"600\" height=\"73\" alt=\"\" class=\"wp-image-207550 alignnone size-full\" srcset=\"https:\/\/testsajt14.hemsidemallar.eu\/wp-content\/uploads\/2026\/02\/logo_boka.webp 600w, https:\/\/testsajt14.hemsidemallar.eu\/wp-content\/uploads\/2026\/02\/logo_boka-480x58.webp 480w\" sizes=\"(min-width: 0px) and (max-width: 480px) 480px, (min-width: 481px) 600px, 100vw\" \/><\/h2>\n<p>Boka tid online via bokadirekt.<\/p>\n<p><img loading=\"lazy\" decoding=\"async\" src=\"https:\/\/testsajt14.hemsidemallar.eu\/wp-content\/uploads\/2026\/02\/Boka_tid_Gron.jpeg\" width=\"146\" height=\"41\" alt=\"\" class=\"wp-image-207551 alignnone size-full\" srcset=\"https:\/\/testsajt14.hemsidemallar.eu\/wp-content\/uploads\/2026\/02\/Boka_tid_Gron.jpeg 146w, https:\/\/testsajt14.hemsidemallar.eu\/wp-content\/uploads\/2026\/02\/Boka_tid_Gron-18x5.jpeg 18w\" sizes=\"(max-width: 146px) 100vw, 146px\" \/><\/p>\n<p>[\/et_pb_text][\/et_pb_column][et_pb_column type=&#8221;1_4&#8243; _builder_version=&#8221;4.27.4&#8243; _module_preset=&#8221;default&#8221; global_colors_info=&#8221;{}&#8221;][et_pb_text _builder_version=&#8221;4.27.4&#8243; _module_preset=&#8221;default&#8221; text_font=&#8221;&#8211;et_global_body_font||||||||&#8221; text_text_color=&#8221;#FFFFFF&#8221; text_font_size=&#8221;16px&#8221; header_2_font=&#8221;Work Sans|700|||||||&#8221; header_2_text_color=&#8221;#ffffff&#8221; header_2_line_height=&#8221;1.2em&#8221; custom_margin=&#8221;||8px|||&#8221; global_colors_info=&#8221;{}&#8221;]<\/p>\n<h2 style=\"text-align: center;\">V\u00e4xj\u00f6 Medicinska Fotv\u00e5rd<\/h2>\n<p>[\/et_pb_text][et_pb_text _builder_version=&#8221;4.27.4&#8243; _module_preset=&#8221;default&#8221; global_colors_info=&#8221;{}&#8221;]<\/p>\n<p style=\"text-align: center;\"><img loading=\"lazy\" decoding=\"async\" src=\"https:\/\/testsajt14.hemsidemallar.eu\/wp-content\/uploads\/2026\/02\/footer_logo.jpg\" width=\"106\" height=\"113\" alt=\"\" class=\"wp-image-207547 alignnone size-full\" srcset=\"https:\/\/testsajt14.hemsidemallar.eu\/wp-content\/uploads\/2026\/02\/footer_logo.jpg 307w, https:\/\/testsajt14.hemsidemallar.eu\/wp-content\/uploads\/2026\/02\/footer_logo-282x300.jpg 282w, https:\/\/testsajt14.hemsidemallar.eu\/wp-content\/uploads\/2026\/02\/footer_logo-11x12.jpg 11w\" sizes=\"(max-width: 106px) 100vw, 106px\" \/><\/p>\n<p>[\/et_pb_text][\/et_pb_column][\/et_pb_row][\/et_pb_section]<\/p>","protected":false},"excerpt":{"rendered":"<p><div class=\"et_pb_module dsm_embed_google_map dsm_embed_google_map_0\">\n\t\t\t\t\n\t\t\t\t\n\t\t\t\t\n\t\t\t\t\n\t\t\t\t\n\t\t\t\t\n\t\t\t\t<div class=\"et_pb_module_inner\">\n\t\t\t\t\t<iframe frameborder=\"0\" scrolling=\"no\" marginheight=\"0\" marginwidth=\"0\" src=\"https:\/\/maps.google.com\/maps?q=Per%20Lagerkvists%20V%C3%A4g%206%20352%2043%20V%C3%A4xj%C3%B6&amp;t=m&amp;z=15&amp;output=embed&amp;iwloc=near&hl=en_GB\" aria-label=\"Per Lagerkvists V\u00e4g 6 352 43 V\u00e4xj\u00f6\"><\/iframe>\n\t\t\t\t<\/div>\n\t\t\t<\/div>V\u00c4XJ\u00d6 MEDICINSKA FOTV\u00c5RD H\u00e4r finns vi Klinik adress:Per Lagerkvists V\u00e4g 6352 43 V\u00e4xj\u00f6Mobiltelefon: 076-876 43 84E-mail:\u00a0info@vaxjomedicinskafotvard.se \u00d6ppettider M\u00e5n 9:00 &#8211; 16:00Tis 13:00 &#8211; 18:00Ons 9:00 &#8211; 16:00Tors 13:00 &#8211; 18:00Fre 9:00 &#8211; 13:00 Avvikelser kan f\u00f6rekomma.Kontaktuppgifter Per Lagerkvists V\u00e4g 6352 43 V\u00e4xj\u00f6Mobiltelefon: 076-876 [&hellip;]<\/p>","protected":false},"author":1,"featured_media":0,"parent":0,"menu_order":0,"comment_status":"closed","ping_status":"closed","template":"","meta":{"_et_pb_use_builder":"on","_et_pb_old_content":"","_et_gb_content_width":"","footnotes":""},"difl_page_category":[],"class_list":["post-207591","page","type-page","status-publish","hentry"],"yoast_head":"<!-- This site is optimized with the Yoast SEO plugin v24.3 - https:\/\/yoast.com\/wordpress\/plugins\/seo\/ -->\n<title>Kontakt - Testsajt<\/title>\n<meta name=\"robots\" content=\"noindex, follow, max-snippet:-1, max-image-preview:large, max-video-preview:-1\" \/>\n<meta property=\"og:locale\" content=\"en_GB\" \/>\n<meta property=\"og:type\" content=\"article\" \/>\n<meta property=\"og:title\" content=\"Kontakt - Testsajt\" \/>\n<meta property=\"og:description\" content=\"V\u00c4XJ\u00d6 MEDICINSKA FOTV\u00c5RD H\u00e4r finns vi Klinik adress:Per Lagerkvists V\u00e4g 6352 43 V\u00e4xj\u00f6Mobiltelefon: 076-876 43 84E-mail:\u00a0info@vaxjomedicinskafotvard.se \u00d6ppettider M\u00e5n 9:00 - 16:00Tis 13:00 - 18:00Ons 9:00 - 16:00Tors 13:00 - 18:00Fre 9:00 - 13:00 Avvikelser kan f\u00f6rekomma.Kontaktuppgifter Per Lagerkvists V\u00e4g 6352 43 V\u00e4xj\u00f6Mobiltelefon: 076-876 [&hellip;]\" \/>\n<meta property=\"og:url\" content=\"https:\/\/testsajt14.hemsidemallar.eu\/en\/kontakt-2\/\" \/>\n<meta property=\"og:site_name\" content=\"Testsajt\" \/>\n<meta property=\"article:modified_time\" content=\"2026-03-25T10:45:10+00:00\" \/>\n<meta property=\"og:image\" content=\"https:\/\/testsajt14.hemsidemallar.eu\/wp-content\/uploads\/2026\/02\/logo_boka.webp\" \/>\n\t<meta property=\"og:image:width\" content=\"600\" \/>\n\t<meta property=\"og:image:height\" content=\"73\" \/>\n\t<meta property=\"og:image:type\" content=\"image\/webp\" \/>\n<meta name=\"twitter:card\" content=\"summary_large_image\" \/>\n<script type=\"application\/ld+json\" class=\"yoast-schema-graph\">{\"@context\":\"https:\/\/schema.org\",\"@graph\":[{\"@type\":\"WebPage\",\"@id\":\"https:\/\/testsajt14.hemsidemallar.eu\/kontakt-2\/\",\"url\":\"https:\/\/testsajt14.hemsidemallar.eu\/kontakt-2\/\",\"name\":\"Kontakt - Testsajt\",\"isPartOf\":{\"@id\":\"https:\/\/testsajt14.hemsidemallar.eu\/#website\"},\"primaryImageOfPage\":{\"@id\":\"https:\/\/testsajt14.hemsidemallar.eu\/kontakt-2\/#primaryimage\"},\"image\":{\"@id\":\"https:\/\/testsajt14.hemsidemallar.eu\/kontakt-2\/#primaryimage\"},\"thumbnailUrl\":\"https:\/\/testsajt14.hemsidemallar.eu\/wp-content\/uploads\/2026\/02\/logo_boka.webp\",\"datePublished\":\"2026-03-25T10:36:34+00:00\",\"dateModified\":\"2026-03-25T10:45:10+00:00\",\"breadcrumb\":{\"@id\":\"https:\/\/testsajt14.hemsidemallar.eu\/kontakt-2\/#breadcrumb\"},\"inLanguage\":\"en-GB\",\"potentialAction\":[{\"@type\":\"ReadAction\",\"target\":[\"https:\/\/testsajt14.hemsidemallar.eu\/kontakt-2\/\"]}]},{\"@type\":\"ImageObject\",\"inLanguage\":\"en-GB\",\"@id\":\"https:\/\/testsajt14.hemsidemallar.eu\/kontakt-2\/#primaryimage\",\"url\":\"https:\/\/testsajt14.hemsidemallar.eu\/wp-content\/uploads\/2026\/02\/logo_boka.webp\",\"contentUrl\":\"https:\/\/testsajt14.hemsidemallar.eu\/wp-content\/uploads\/2026\/02\/logo_boka.webp\"},{\"@type\":\"BreadcrumbList\",\"@id\":\"https:\/\/testsajt14.hemsidemallar.eu\/kontakt-2\/#breadcrumb\",\"itemListElement\":[{\"@type\":\"ListItem\",\"position\":1,\"name\":\"Hem\",\"item\":\"https:\/\/testsajt14.hemsidemallar.eu\/\"},{\"@type\":\"ListItem\",\"position\":2,\"name\":\"Kontakt\"}]},{\"@type\":\"WebSite\",\"@id\":\"https:\/\/testsajt14.hemsidemallar.eu\/#website\",\"url\":\"https:\/\/testsajt14.hemsidemallar.eu\/\",\"name\":\"Testsajt\",\"description\":\"\",\"potentialAction\":[{\"@type\":\"SearchAction\",\"target\":{\"@type\":\"EntryPoint\",\"urlTemplate\":\"https:\/\/testsajt14.hemsidemallar.eu\/?s={search_term_string}\"},\"query-input\":{\"@type\":\"PropertyValueSpecification\",\"valueRequired\":true,\"valueName\":\"search_term_string\"}}],\"inLanguage\":\"en-GB\"}]}<\/script>\n<!-- \/ Yoast SEO plugin. -->","yoast_head_json":{"title":"Kontakt - Testsajt","robots":{"index":"noindex","follow":"follow","max-snippet":"max-snippet:-1","max-image-preview":"max-image-preview:large","max-video-preview":"max-video-preview:-1"},"og_locale":"en_GB","og_type":"article","og_title":"Kontakt - Testsajt","og_description":"V\u00c4XJ\u00d6 MEDICINSKA FOTV\u00c5RD H\u00e4r finns vi Klinik adress:Per Lagerkvists V\u00e4g 6352 43 V\u00e4xj\u00f6Mobiltelefon: 076-876 43 84E-mail:\u00a0info@vaxjomedicinskafotvard.se \u00d6ppettider M\u00e5n 9:00 - 16:00Tis 13:00 - 18:00Ons 9:00 - 16:00Tors 13:00 - 18:00Fre 9:00 - 13:00 Avvikelser kan f\u00f6rekomma.Kontaktuppgifter Per Lagerkvists V\u00e4g 6352 43 V\u00e4xj\u00f6Mobiltelefon: 076-876 [&hellip;]","og_url":"https:\/\/testsajt14.hemsidemallar.eu\/en\/kontakt-2\/","og_site_name":"Testsajt","article_modified_time":"2026-03-25T10:45:10+00:00","og_image":[{"width":600,"height":73,"url":"https:\/\/testsajt14.hemsidemallar.eu\/wp-content\/uploads\/2026\/02\/logo_boka.webp","type":"image\/webp"}],"twitter_card":"summary_large_image","schema":{"@context":"https:\/\/schema.org","@graph":[{"@type":"WebPage","@id":"https:\/\/testsajt14.hemsidemallar.eu\/kontakt-2\/","url":"https:\/\/testsajt14.hemsidemallar.eu\/kontakt-2\/","name":"Kontakt - Testsajt","isPartOf":{"@id":"https:\/\/testsajt14.hemsidemallar.eu\/#website"},"primaryImageOfPage":{"@id":"https:\/\/testsajt14.hemsidemallar.eu\/kontakt-2\/#primaryimage"},"image":{"@id":"https:\/\/testsajt14.hemsidemallar.eu\/kontakt-2\/#primaryimage"},"thumbnailUrl":"https:\/\/testsajt14.hemsidemallar.eu\/wp-content\/uploads\/2026\/02\/logo_boka.webp","datePublished":"2026-03-25T10:36:34+00:00","dateModified":"2026-03-25T10:45:10+00:00","breadcrumb":{"@id":"https:\/\/testsajt14.hemsidemallar.eu\/kontakt-2\/#breadcrumb"},"inLanguage":"en-GB","potentialAction":[{"@type":"ReadAction","target":["https:\/\/testsajt14.hemsidemallar.eu\/kontakt-2\/"]}]},{"@type":"ImageObject","inLanguage":"en-GB","@id":"https:\/\/testsajt14.hemsidemallar.eu\/kontakt-2\/#primaryimage","url":"https:\/\/testsajt14.hemsidemallar.eu\/wp-content\/uploads\/2026\/02\/logo_boka.webp","contentUrl":"https:\/\/testsajt14.hemsidemallar.eu\/wp-content\/uploads\/2026\/02\/logo_boka.webp"},{"@type":"BreadcrumbList","@id":"https:\/\/testsajt14.hemsidemallar.eu\/kontakt-2\/#breadcrumb","itemListElement":[{"@type":"ListItem","position":1,"name":"Hem","item":"https:\/\/testsajt14.hemsidemallar.eu\/"},{"@type":"ListItem","position":2,"name":"Kontakt"}]},{"@type":"WebSite","@id":"https:\/\/testsajt14.hemsidemallar.eu\/#website","url":"https:\/\/testsajt14.hemsidemallar.eu\/","name":"Testsajt","description":"","potentialAction":[{"@type":"SearchAction","target":{"@type":"EntryPoint","urlTemplate":"https:\/\/testsajt14.hemsidemallar.eu\/?s={search_term_string}"},"query-input":{"@type":"PropertyValueSpecification","valueRequired":true,"valueName":"search_term_string"}}],"inLanguage":"en-GB"}]}},"_links":{"self":[{"href":"https:\/\/testsajt14.hemsidemallar.eu\/en\/wp-json\/wp\/v2\/pages\/207591","targetHints":{"allow":["GET"]}}],"collection":[{"href":"https:\/\/testsajt14.hemsidemallar.eu\/en\/wp-json\/wp\/v2\/pages"}],"about":[{"href":"https:\/\/testsajt14.hemsidemallar.eu\/en\/wp-json\/wp\/v2\/types\/page"}],"author":[{"embeddable":true,"href":"https:\/\/testsajt14.hemsidemallar.eu\/en\/wp-json\/wp\/v2\/users\/1"}],"replies":[{"embeddable":true,"href":"https:\/\/testsajt14.hemsidemallar.eu\/en\/wp-json\/wp\/v2\/comments?post=207591"}],"version-history":[{"count":6,"href":"https:\/\/testsajt14.hemsidemallar.eu\/en\/wp-json\/wp\/v2\/pages\/207591\/revisions"}],"predecessor-version":[{"id":207597,"href":"https:\/\/testsajt14.hemsidemallar.eu\/en\/wp-json\/wp\/v2\/pages\/207591\/revisions\/207597"}],"wp:attachment":[{"href":"https:\/\/testsajt14.hemsidemallar.eu\/en\/wp-json\/wp\/v2\/media?parent=207591"}],"wp:term":[{"taxonomy":"difl_page_category","embeddable":true,"href":"https:\/\/testsajt14.hemsidemallar.eu\/en\/wp-json\/wp\/v2\/difl_page_category?post=207591"}],"curies":[{"name":"wp","href":"https:\/\/api.w.org\/{rel}","templated":true}]}}